{"id":1160,"date":"2024-07-12T18:47:57","date_gmt":"2024-07-12T16:47:57","guid":{"rendered":"https:\/\/www.novakovych59.cz\/?page_id=1160"},"modified":"2024-07-12T18:47:57","modified_gmt":"2024-07-12T16:47:57","slug":"vyskyt-stenic-v-nasem-dome-a-nasledujici-opatreni","status":"publish","type":"page","link":"https:\/\/www.novakovych59.cz\/?page_id=1160","title":{"rendered":"V\u00fdskyt \u0161t\u011bnic v na\u0161em dom\u011b a n\u00e1sleduj\u00edc\u00ed opat\u0159en\u00ed"},"content":{"rendered":"<p>&nbsp;<\/p>\n<p>Z\u00a0d\u016fvodu op\u011btovn\u00e9ho nep\u0159\u00edjemn\u00e9ho v\u00fdskytu\u00a0 \u0161t\u011bnic v\u00a0na\u0161em dom\u011b a\u00a0 ve snaze zabr\u00e1n\u011bn\u00ed dal\u0161\u00edho \u0161\u00ed\u0159en\u00ed, se SVJ v\u00fdbor rozhodnul k\u00a0 preventivn\u00ed prohl\u00eddce v\u0161ech bytov\u00fdch a nebytov\u00fdch\u00a0 jednotek a d\u00e1le spole\u010dn\u00fdch prostor, dle ustanoven\u00ed z\u00e1kona \u00a0\u010d. 258\/2000 Sb. (ochrana zdrav\u00ed osob)<\/p>\n<p>Bohu\u017eel v\u00fdskyt tohoto nep\u0159\u00edjemn\u00e9ho hmyzu nen\u00ed d\u00e1n \u010distotou dan\u00e9ho okol\u00ed, jak se spousta lidi myln\u011b domn\u00edv\u00e1, ale m\u016f\u017ee vzniknout\u00a0 i pouh\u00fdm\u00a0 p\u0159enosem\u00a0 z\u00a0dopravn\u00edch prost\u0159edk\u016f nebo osobn\u00edch zavazadel, do bytov\u00e9ho prostoru.<\/p>\n<p><strong>Tato prohl\u00eddka a n\u00e1sledn\u00fd z\u00e1sah bude \u2013 li nezbytn\u011b nutn\u00fd, je \u00a0hrazen ze spole\u010dn\u00fdch finan\u010dn\u00edch prost\u0159edk\u016f SVJ a proto \u00a0v\u00fdbor pros\u00ed\u00a0 v\u0161echny majitel\u00e9 byt\u016f, nebo jejich n\u00e1jemce, o sou\u010dinnost p\u0159i \u0159e\u0161en\u00ed tohoto probl\u00e9mu, \u00a0proto\u017ee jinak tento probl\u00e9m nem\u00e1me \u0161anci vy\u0159e\u0161it.<\/strong><\/p>\n<p>V p\u0159\u00edpad\u011b, \u017ee vlastn\u00edk jednotky odm\u00edtne \u00a0tuto\u00a0 situaci \u0159e\u0161it ve spolupr\u00e1ci s\u00a0SVJ v\u00fdborem,\u00a0 hroz\u00ed t\u00edm \u00a0potencion\u00e1ln\u00ed roz\u0161\u00ed\u0159en\u00ed n\u00e1kazy. Po t\u00e9 bude SVJ v\u00fdbor bude \u00a0nucen \u00a0nahl\u00e1sit tuto situaci na hygienickou stanici, kter\u00e1\u00a0 m\u016f\u017ee na\u0159\u00eddit takovou prohl\u00eddku a n\u00e1slednou dezinsekc\u00ed, bude &#8211; \u00a0li pot\u0159eba,\u00a0 za \u00fa\u010dasti policie, ale ji\u017e na n\u00e1klady dan\u00e9ho vlastn\u00edka.<\/p>\n<p>Tomu se ale prim\u00e1rn\u011b chceme vyhnout.<\/p>\n<p>Prvn\u00ed prohl\u00eddka byt\u016f \u00a0za\u010dne dne<span style=\"color: #ff0000;\">\u00a0<strong>28.7.2024 od 15 hodin (ned\u011ble)<\/strong><\/span><strong>\u00a0<\/strong> ve vchod\u011b \u010d\u00edslo 59 \/ 2,\u00a0 z\u00a0nejvy\u0161\u0161\u00edch pater sm\u011brem dol\u016f a pot\u00e9 se p\u0159ejde na dal\u0161\u00ed vchod \u010d\u00edslo 59\/4. Prohl\u00eddka bytov\u00e9ho prostoru trv\u00e1\u00a0 cca 2-5 minut, z\u00e1le\u017e\u00ed samoz\u0159ejm\u011b na dan\u00fdch okolnostech.<\/p>\n<p>Pokud v\u00edte, \u017ee nebudete moct v\u00a0tento term\u00edn zajistit p\u0159\u00edstup do bytov\u00e9 jednotky (dovolen\u00e1 a podobn\u011b) oznamte to pros\u00edm neprodlen\u011b emailem nebo telefonicky SVJ v\u00fdboru a budeme se sna\u017eit zajistit n\u00e1hradn\u00ed term\u00edn.<\/p>\n<p>Jak vlastn\u011b takov\u00e1 prohl\u00eddka vypad\u00e1?<\/p>\n<p>Pracovn\u00edci deratiza\u010dn\u00ed firmy\u00a0<strong>AGRUPA solutions s.r.o.<\/strong>\u00a0za \u00a0\u00fa\u010dasti \u010dlena\u00a0 SVJ v\u00fdboru, provedou rychlou osobn\u00ed prohl\u00eddku dan\u00e9ho prostoru a m\u00edst v\u00a0n\u011bm,\u00a0 kde doch\u00e1z\u00ed k\u00a0nej\u010dast\u011bj\u0161\u00edmu v\u00fdskytu a provedou o tom z\u00e1znam.<\/p>\n<p>Jak se na takovou prohl\u00eddku vlastn\u011b p\u0159ipravit se dozv\u00edte na webov\u00fdch str\u00e1nk\u00e1ch dan\u00e9 firmy, kter\u00e1 bude prohl\u00eddku prov\u00e1d\u011bt.<\/p>\n<p><a href=\"https:\/\/www.jaksezbavitstenic.cz\/nejcastejsi-dotazy\/\" target=\"_blank\" rel=\"noopener noreferrer\"><strong>https:\/\/www.jaksezbavitstenic.cz\/nejcastejsi-dotazy\/<\/strong><\/a><\/p>\n<p>Pokud dojde k\u00a0nalezen\u00ed v\u00fdskytu, na m\u00edst\u011b se domluv\u00ed n\u00e1sleduj\u00edc\u00ed postup a\u00a0term\u00edn likvidace.<\/p>\n<p>P\u0159edem\u00a0 moc d\u011bkujeme za spolupr\u00e1ci, v\u011b\u0159\u00edme, \u017ee spole\u010dn\u00fdmi silami se n\u00e1m poda\u0159\u00ed vy\u0159e\u0161it tento z\u00e1va\u017en\u00fd\u00a0 probl\u00e9m.<\/p>\n<p>Za Svj v\u00fdbor<\/p>\n<p>Stanislav Hru\u0161ka<\/p>\n<p>\u0160t\u011bp\u00e1n Slez\u00e1\u010dek<\/p>\n<p>Vojt\u011bch Janou\u0161ek<\/p>\n","protected":false},"excerpt":{"rendered":"<p>&nbsp; Z\u00a0d\u016fvodu op\u011btovn\u00e9ho nep\u0159\u00edjemn\u00e9ho v\u00fdskytu\u00a0 \u0161t\u011bnic v\u00a0na\u0161em dom\u011b a\u00a0 ve snaze zabr\u00e1n\u011bn\u00ed dal\u0161\u00edho \u0161\u00ed\u0159en\u00ed, se SVJ v\u00fdbor rozhodnul k\u00a0 preventivn\u00ed prohl\u00eddce v\u0161ech bytov\u00fdch a nebytov\u00fdch\u00a0 jednotek a d\u00e1le spole\u010dn\u00fdch prostor, dle ustanoven\u00ed z\u00e1kona \u00a0\u010d. 258\/2000 Sb. (ochrana zdrav\u00ed osob) Bohu\u017eel &#8230; <a class=\"more-link\" href=\"https:\/\/www.novakovych59.cz\/?page_id=1160\">\u010c\u00edst v\u00edce &raquo;<\/a><\/p>\n","protected":false},"author":1,"featured_media":0,"parent":0,"menu_order":0,"comment_status":"closed","ping_status":"closed","template":"","meta":{"footnotes":""},"class_list":["post-1160","page","type-page","status-publish","hentry"],"_links":{"self":[{"href":"https:\/\/www.novakovych59.cz\/index.php?rest_route=\/wp\/v2\/pages\/1160","targetHints":{"allow":["GET"]}}],"collection":[{"href":"https:\/\/www.novakovych59.cz\/index.php?rest_route=\/wp\/v2\/pages"}],"about":[{"href":"https:\/\/www.novakovych59.cz\/index.php?rest_route=\/wp\/v2\/types\/page"}],"author":[{"embeddable":true,"href":"https:\/\/www.novakovych59.cz\/index.php?rest_route=\/wp\/v2\/users\/1"}],"replies":[{"embeddable":true,"href":"https:\/\/www.novakovych59.cz\/index.php?rest_route=%2Fwp%2Fv2%2Fcomments&post=1160"}],"version-history":[{"count":2,"href":"https:\/\/www.novakovych59.cz\/index.php?rest_route=\/wp\/v2\/pages\/1160\/revisions"}],"predecessor-version":[{"id":1162,"href":"https:\/\/www.novakovych59.cz\/index.php?rest_route=\/wp\/v2\/pages\/1160\/revisions\/1162"}],"wp:attachment":[{"href":"https:\/\/www.novakovych59.cz\/index.php?rest_route=%2Fwp%2Fv2%2Fmedia&parent=1160"}],"curies":[{"name":"wp","href":"https:\/\/api.w.org\/{rel}","templated":true}]}}