{"id":1146,"date":"2024-06-10T12:15:56","date_gmt":"2024-06-10T10:15:56","guid":{"rendered":"https:\/\/www.novakovych59.cz\/?page_id=1146"},"modified":"2024-07-02T07:05:41","modified_gmt":"2024-07-02T05:05:41","slug":"schuze-vlastniku-bytovych-jednotek-1-2024","status":"publish","type":"page","link":"https:\/\/www.novakovych59.cz\/?page_id=1146","title":{"rendered":"Sch\u016fze vlastn\u00edk\u016f bytov\u00fdch jednotek 1\/2024"},"content":{"rendered":"<p>Dobr\u00fd den,<\/p>\n<p>SVJ v\u00fdbor si V\u00e1s dovoluje pozvat na shrom\u00e1\u017ed\u011bn\u00ed vlastn\u00edku domu Nov\u00e1kov\u00fdch 59,\u00a0 Praha 8.<\/p>\n<p>Toto shrom\u00e1\u017ed\u011bn\u00ed se bude konat dne\u00a0 25.06.2024 od 18:00 v Z\u0160 Palmovka, Hejdukova 5, Praha 8<\/p>\n<p>Pozv\u00e1nka na sch\u016fzi je ke sta\u017een\u00ed <a href=\"https:\/\/www.novakovych59.cz\/wp-content\/uploads\/2024\/06\/Pozvanka-na-SVJ-shromazdeni_2024-scaled.jpg\">zde<\/a><\/p>\n<p>&nbsp;<\/p>\n<p><img loading=\"lazy\" decoding=\"async\" class=\"wp-image-1145 aligncenter\" src=\"https:\/\/www.novakovych59.cz\/wp-content\/uploads\/2024\/06\/Pozvanka-na-SVJ-shromazdeni_2024-scaled.jpg\" alt=\"\" width=\"702\" height=\"994\" srcset=\"https:\/\/www.novakovych59.cz\/wp-content\/uploads\/2024\/06\/Pozvanka-na-SVJ-shromazdeni_2024-scaled.jpg 1809w, https:\/\/www.novakovych59.cz\/wp-content\/uploads\/2024\/06\/Pozvanka-na-SVJ-shromazdeni_2024-212x300.jpg 212w, https:\/\/www.novakovych59.cz\/wp-content\/uploads\/2024\/06\/Pozvanka-na-SVJ-shromazdeni_2024-724x1024.jpg 724w, https:\/\/www.novakovych59.cz\/wp-content\/uploads\/2024\/06\/Pozvanka-na-SVJ-shromazdeni_2024-106x150.jpg 106w, https:\/\/www.novakovych59.cz\/wp-content\/uploads\/2024\/06\/Pozvanka-na-SVJ-shromazdeni_2024-768x1087.jpg 768w, https:\/\/www.novakovych59.cz\/wp-content\/uploads\/2024\/06\/Pozvanka-na-SVJ-shromazdeni_2024-1086x1536.jpg 1086w, https:\/\/www.novakovych59.cz\/wp-content\/uploads\/2024\/06\/Pozvanka-na-SVJ-shromazdeni_2024-1447x2048.jpg 1447w, https:\/\/www.novakovych59.cz\/wp-content\/uploads\/2024\/06\/Pozvanka-na-SVJ-shromazdeni_2024-940x1330.jpg 940w\" sizes=\"auto, (max-width: 702px) 100vw, 702px\" \/>Plnou moc pro zastupov\u00e1n\u00ed, si m\u016f\u017eete st\u00e1hnout <a href=\"https:\/\/www.novakovych59.cz\/wp-content\/uploads\/2024\/06\/Plna-moc-pro-zastoupeni-SVJ-59_2024.pdf\">zde<\/a><\/p>\n<p>Z\u00e1pis ze sch\u016fze je\u00a0 \u00a0k nahl\u00e9dnut\u00ed\u00a0 <a href=\"https:\/\/www.novakovych59.cz\/wp-content\/uploads\/2024\/07\/Zapis-ze-schuze_25_06_2024_1.pdf\">zde<\/a><\/p>\n<p>D\u011bkujeme moc za Va\u0161i \u00fa\u010dast a p\u0159ejeme hezk\u00fd den.<\/p>\n<p>S pozdravem,<br \/>\nSVJ v\u00fdbor<\/p>\n","protected":false},"excerpt":{"rendered":"<p>Dobr\u00fd den, SVJ v\u00fdbor si V\u00e1s dovoluje pozvat na shrom\u00e1\u017ed\u011bn\u00ed vlastn\u00edku domu Nov\u00e1kov\u00fdch 59,\u00a0 Praha 8. Toto shrom\u00e1\u017ed\u011bn\u00ed se bude konat dne\u00a0 25.06.2024 od 18:00 v Z\u0160 Palmovka, Hejdukova 5, Praha 8 Pozv\u00e1nka na sch\u016fzi je ke sta\u017een\u00ed zde &nbsp; &#8230; <a class=\"more-link\" href=\"https:\/\/www.novakovych59.cz\/?page_id=1146\">\u010c\u00edst v\u00edce &raquo;<\/a><\/p>\n","protected":false},"author":1,"featured_media":0,"parent":0,"menu_order":0,"comment_status":"open","ping_status":"closed","template":"","meta":{"footnotes":""},"class_list":["post-1146","page","type-page","status-publish","hentry"],"_links":{"self":[{"href":"https:\/\/www.novakovych59.cz\/index.php?rest_route=\/wp\/v2\/pages\/1146","targetHints":{"allow":["GET"]}}],"collection":[{"href":"https:\/\/www.novakovych59.cz\/index.php?rest_route=\/wp\/v2\/pages"}],"about":[{"href":"https:\/\/www.novakovych59.cz\/index.php?rest_route=\/wp\/v2\/types\/page"}],"author":[{"embeddable":true,"href":"https:\/\/www.novakovych59.cz\/index.php?rest_route=\/wp\/v2\/users\/1"}],"replies":[{"embeddable":true,"href":"https:\/\/www.novakovych59.cz\/index.php?rest_route=%2Fwp%2Fv2%2Fcomments&post=1146"}],"version-history":[{"count":6,"href":"https:\/\/www.novakovych59.cz\/index.php?rest_route=\/wp\/v2\/pages\/1146\/revisions"}],"predecessor-version":[{"id":1158,"href":"https:\/\/www.novakovych59.cz\/index.php?rest_route=\/wp\/v2\/pages\/1146\/revisions\/1158"}],"wp:attachment":[{"href":"https:\/\/www.novakovych59.cz\/index.php?rest_route=%2Fwp%2Fv2%2Fmedia&parent=1146"}],"curies":[{"name":"wp","href":"https:\/\/api.w.org\/{rel}","templated":true}]}}