{"id":1130,"date":"2024-01-18T22:54:06","date_gmt":"2024-01-18T20:54:06","guid":{"rendered":"https:\/\/www.novakovych59.cz\/?page_id=1130"},"modified":"2024-01-18T22:58:33","modified_gmt":"2024-01-18T20:58:33","slug":"oznameni-o-terminech-vymeny-bytovych-vodomeru","status":"publish","type":"page","link":"https:\/\/www.novakovych59.cz\/?page_id=1130","title":{"rendered":"Ozn\u00e1men\u00ed  o term\u00ednech v\u00fdm\u011bny bytov\u00fdch vodom\u011br\u016f"},"content":{"rendered":"<p>Mil\u00ed vlastn\u00edci bytov\u00fdch jednotek,<\/p>\n<p>SVj v\u00fdbor si V\u00e1m dovoluje ozn\u00e1mit\u00a0 term\u00edny v\u00fdm\u011bny vodom\u011br\u016f ve v\u0161ech bytov\u00fdch jednotk\u00e1ch na\u0161eho domu.<\/p>\n<p>V\u00fdm\u011bna prob\u011bhne dle p\u0159ilo\u017een\u00e9ho harmonogramu<\/p>\n<p><img loading=\"lazy\" decoding=\"async\" class=\"alignnone wp-image-1131\" src=\"https:\/\/www.novakovych59.cz\/wp-content\/uploads\/2024\/01\/Vodomery-vchod-59_2.jpg\" alt=\"\" width=\"592\" height=\"449\" srcset=\"https:\/\/www.novakovych59.cz\/wp-content\/uploads\/2024\/01\/Vodomery-vchod-59_2.jpg 1088w, https:\/\/www.novakovych59.cz\/wp-content\/uploads\/2024\/01\/Vodomery-vchod-59_2-300x227.jpg 300w, https:\/\/www.novakovych59.cz\/wp-content\/uploads\/2024\/01\/Vodomery-vchod-59_2-1024x776.jpg 1024w, https:\/\/www.novakovych59.cz\/wp-content\/uploads\/2024\/01\/Vodomery-vchod-59_2-150x114.jpg 150w, https:\/\/www.novakovych59.cz\/wp-content\/uploads\/2024\/01\/Vodomery-vchod-59_2-768x582.jpg 768w, https:\/\/www.novakovych59.cz\/wp-content\/uploads\/2024\/01\/Vodomery-vchod-59_2-940x713.jpg 940w\" sizes=\"auto, (max-width: 592px) 100vw, 592px\" \/><\/p>\n<p>&#8212;&#8212;&#8212;&#8212;&#8212;&#8212;&#8212;&#8212;&#8212;&#8212;&#8212;&#8212;&#8212;&#8212;&#8212;&#8212;&#8212;&#8212;&#8212;&#8212;&#8212;&#8212;&#8212;&#8212;&#8212;&#8212;&#8212;&#8212;&#8212;&#8212;&#8212;&#8212;&#8212;&#8212;&#8212;&#8212;<\/p>\n<p><img loading=\"lazy\" decoding=\"async\" class=\"alignnone wp-image-1132\" src=\"https:\/\/www.novakovych59.cz\/wp-content\/uploads\/2024\/01\/Vodomery-vchod-59_4.jpg\" alt=\"\" width=\"592\" height=\"464\" srcset=\"https:\/\/www.novakovych59.cz\/wp-content\/uploads\/2024\/01\/Vodomery-vchod-59_4.jpg 1089w, https:\/\/www.novakovych59.cz\/wp-content\/uploads\/2024\/01\/Vodomery-vchod-59_4-300x236.jpg 300w, https:\/\/www.novakovych59.cz\/wp-content\/uploads\/2024\/01\/Vodomery-vchod-59_4-1024x804.jpg 1024w, https:\/\/www.novakovych59.cz\/wp-content\/uploads\/2024\/01\/Vodomery-vchod-59_4-150x118.jpg 150w, https:\/\/www.novakovych59.cz\/wp-content\/uploads\/2024\/01\/Vodomery-vchod-59_4-768x603.jpg 768w, https:\/\/www.novakovych59.cz\/wp-content\/uploads\/2024\/01\/Vodomery-vchod-59_4-940x738.jpg 940w\" sizes=\"auto, (max-width: 592px) 100vw, 592px\" \/><\/p>\n<p>Tyto harmonogramy\u00a0 jsou vyv\u011b\u0161eny na z\u00e1dve\u0159\u00ed a\u00a0 d\u00e1le na n\u00e1st\u011bnce v ka\u017ed\u00e9m vchodu<\/p>\n<p><span style=\"color: #ff0000;\"><strong>Mobiln\u00ed\u00a0 telefonn\u00ed \u010d\u00edslo pana Mare\u0161e volat pouze v dan\u00fd den pl\u00e1novan\u00e9 mont\u00e1\u017ee !!!!<\/strong><\/span><\/p>\n<p>Pevn\u011b v\u011b\u0159\u00edme, \u017ee v\u00fdm\u011bna prob\u011bhne hladce..<\/p>\n<p>&nbsp;<\/p>\n<p>Za v\u00fdbor SVJ<\/p>\n<p>Stanislav Hru\u0161ka<\/p>\n<p>\u0160t\u011bp\u00e1n Slez\u00e1\u010dek<\/p>\n<p>Marek \u010ciha\u0159<\/p>\n","protected":false},"excerpt":{"rendered":"<p>Mil\u00ed vlastn\u00edci bytov\u00fdch jednotek, SVj v\u00fdbor si V\u00e1m dovoluje ozn\u00e1mit\u00a0 term\u00edny v\u00fdm\u011bny vodom\u011br\u016f ve v\u0161ech bytov\u00fdch jednotk\u00e1ch na\u0161eho domu. V\u00fdm\u011bna prob\u011bhne dle p\u0159ilo\u017een\u00e9ho harmonogramu &#8212;&#8212;&#8212;&#8212;&#8212;&#8212;&#8212;&#8212;&#8212;&#8212;&#8212;&#8212;&#8212;&#8212;&#8212;&#8212;&#8212;&#8212;&#8212;&#8212;&#8212;&#8212;&#8212;&#8212;&#8212;&#8212;&#8212;&#8212;&#8212;&#8212;&#8212;&#8212;&#8212;&#8212;&#8212;&#8212; Tyto harmonogramy\u00a0 jsou vyv\u011b\u0161eny na z\u00e1dve\u0159\u00ed a\u00a0 d\u00e1le na n\u00e1st\u011bnce v ka\u017ed\u00e9m vchodu Mobiln\u00ed\u00a0 telefonn\u00ed &#8230; <a class=\"more-link\" href=\"https:\/\/www.novakovych59.cz\/?page_id=1130\">\u010c\u00edst v\u00edce &raquo;<\/a><\/p>\n","protected":false},"author":1,"featured_media":0,"parent":0,"menu_order":0,"comment_status":"open","ping_status":"closed","template":"","meta":{"footnotes":""},"class_list":["post-1130","page","type-page","status-publish","hentry"],"_links":{"self":[{"href":"https:\/\/www.novakovych59.cz\/index.php?rest_route=\/wp\/v2\/pages\/1130","targetHints":{"allow":["GET"]}}],"collection":[{"href":"https:\/\/www.novakovych59.cz\/index.php?rest_route=\/wp\/v2\/pages"}],"about":[{"href":"https:\/\/www.novakovych59.cz\/index.php?rest_route=\/wp\/v2\/types\/page"}],"author":[{"embeddable":true,"href":"https:\/\/www.novakovych59.cz\/index.php?rest_route=\/wp\/v2\/users\/1"}],"replies":[{"embeddable":true,"href":"https:\/\/www.novakovych59.cz\/index.php?rest_route=%2Fwp%2Fv2%2Fcomments&post=1130"}],"version-history":[{"count":6,"href":"https:\/\/www.novakovych59.cz\/index.php?rest_route=\/wp\/v2\/pages\/1130\/revisions"}],"predecessor-version":[{"id":1139,"href":"https:\/\/www.novakovych59.cz\/index.php?rest_route=\/wp\/v2\/pages\/1130\/revisions\/1139"}],"wp:attachment":[{"href":"https:\/\/www.novakovych59.cz\/index.php?rest_route=%2Fwp%2Fv2%2Fmedia&parent=1130"}],"curies":[{"name":"wp","href":"https:\/\/api.w.org\/{rel}","templated":true}]}}