{"id":1117,"date":"2023-11-16T22:40:53","date_gmt":"2023-11-16T20:40:53","guid":{"rendered":"https:\/\/www.novakovych59.cz\/?page_id=1117"},"modified":"2023-12-14T21:38:15","modified_gmt":"2023-12-14T19:38:15","slug":"schuze-vlastniku-bytovych-jednotek-1-2023","status":"publish","type":"page","link":"https:\/\/www.novakovych59.cz\/?page_id=1117","title":{"rendered":"Sch\u016fze vlastn\u00edk\u016f bytov\u00fdch jednotek 1\/2023"},"content":{"rendered":"<p>Dobr\u00fd den,<\/p>\n<p>SVJ v\u00fdbor si V\u00e1s dovoluje pozvat na shrom\u00e1\u017ed\u011bn\u00ed vlastn\u00edku domu Nov\u00e1kov\u00fdch 59 Praha 8.<\/p>\n<p>Toto shrom\u00e1\u017ed\u011bn\u00ed se bude konat dne 30.11.2023 od 18:00 v Z\u0160 Palmovka, Hejdukova 5, Praha 8<\/p>\n<p>Pozv\u00e1nka na sch\u016fzi je\u00a0 ke sta\u017een\u00ed <a href=\"https:\/\/www.novakovych59.cz\/wp-content\/uploads\/2023\/11\/Pozvanka-na-schuzi-SVD_N59_2023.pdf\">zde\u00a0<\/a><a href=\"https:\/\/www.novakovych59.cz\/wp-content\/uploads\/2022\/11\/Pozvanka-na-schuzi_SVD59_2022-scaled.jpg\"><img loading=\"lazy\" decoding=\"async\" class=\"alignnone wp-image-1118\" src=\"https:\/\/www.novakovych59.cz\/wp-content\/uploads\/2023\/11\/Pozvanka-na-schuzi_SVD59_2023.jpg\" alt=\"\" width=\"674\" height=\"953\" srcset=\"https:\/\/www.novakovych59.cz\/wp-content\/uploads\/2023\/11\/Pozvanka-na-schuzi_SVD59_2023.jpg 675w, https:\/\/www.novakovych59.cz\/wp-content\/uploads\/2023\/11\/Pozvanka-na-schuzi_SVD59_2023-212x300.jpg 212w, https:\/\/www.novakovych59.cz\/wp-content\/uploads\/2023\/11\/Pozvanka-na-schuzi_SVD59_2023-106x150.jpg 106w\" sizes=\"auto, (max-width: 674px) 100vw, 674px\" \/><\/a><\/p>\n<p>Plnou moc pro zastupov\u00e1n\u00ed, si m\u016f\u017eete st\u00e1hnout\u00a0<a href=\"https:\/\/www.novakovych59.cz\/wp-content\/uploads\/2023\/11\/Plna-moc-pro-zastoupeni-SVD-59_2023.pdf\">\u00a0zde<\/a><\/p>\n<p><strong>Z\u00e1pis ze sch\u016fze je k nahl\u00e9dnut\u00ed<\/strong>\u00a0<a href=\"https:\/\/www.novakovych59.cz\/wp-content\/uploads\/2023\/12\/Zapis-ze-schuze-30_11_2023.pdf\"> zde<\/a><\/p>\n<p>D\u011bkujeme moc za Va\u0161i \u00fa\u010dast a p\u0159ejeme hezk\u00fd den.<\/p>\n<p>S pozdravem,<br \/>\nSVJ v\u00fdbor<\/p>\n","protected":false},"excerpt":{"rendered":"<p>Dobr\u00fd den, SVJ v\u00fdbor si V\u00e1s dovoluje pozvat na shrom\u00e1\u017ed\u011bn\u00ed vlastn\u00edku domu Nov\u00e1kov\u00fdch 59 Praha 8. Toto shrom\u00e1\u017ed\u011bn\u00ed se bude konat dne 30.11.2023 od 18:00 v Z\u0160 Palmovka, Hejdukova 5, Praha 8 Pozv\u00e1nka na sch\u016fzi je\u00a0 ke sta\u017een\u00ed zde\u00a0 Plnou &#8230; <a class=\"more-link\" href=\"https:\/\/www.novakovych59.cz\/?page_id=1117\">\u010c\u00edst v\u00edce &raquo;<\/a><\/p>\n","protected":false},"author":1,"featured_media":0,"parent":0,"menu_order":0,"comment_status":"closed","ping_status":"closed","template":"","meta":{"footnotes":""},"class_list":["post-1117","page","type-page","status-publish","hentry"],"_links":{"self":[{"href":"https:\/\/www.novakovych59.cz\/index.php?rest_route=\/wp\/v2\/pages\/1117","targetHints":{"allow":["GET"]}}],"collection":[{"href":"https:\/\/www.novakovych59.cz\/index.php?rest_route=\/wp\/v2\/pages"}],"about":[{"href":"https:\/\/www.novakovych59.cz\/index.php?rest_route=\/wp\/v2\/types\/page"}],"author":[{"embeddable":true,"href":"https:\/\/www.novakovych59.cz\/index.php?rest_route=\/wp\/v2\/users\/1"}],"replies":[{"embeddable":true,"href":"https:\/\/www.novakovych59.cz\/index.php?rest_route=%2Fwp%2Fv2%2Fcomments&post=1117"}],"version-history":[{"count":4,"href":"https:\/\/www.novakovych59.cz\/index.php?rest_route=\/wp\/v2\/pages\/1117\/revisions"}],"predecessor-version":[{"id":1128,"href":"https:\/\/www.novakovych59.cz\/index.php?rest_route=\/wp\/v2\/pages\/1117\/revisions\/1128"}],"wp:attachment":[{"href":"https:\/\/www.novakovych59.cz\/index.php?rest_route=%2Fwp%2Fv2%2Fmedia&parent=1117"}],"curies":[{"name":"wp","href":"https:\/\/api.w.org\/{rel}","templated":true}]}}