{"id":1110,"date":"2023-08-13T17:14:18","date_gmt":"2023-08-13T15:14:18","guid":{"rendered":"https:\/\/www.novakovych59.cz\/?page_id=1110"},"modified":"2023-08-13T17:18:14","modified_gmt":"2023-08-13T15:18:14","slug":"oznameni-o-rekonstrukci-bytove-jednotky-cislo-67","status":"publish","type":"page","link":"https:\/\/www.novakovych59.cz\/?page_id=1110","title":{"rendered":"Ozn\u00e1men\u00ed o rekonstrukci bytov\u00e9 jednotky \u010d\u00edslo 67"},"content":{"rendered":"<p><img loading=\"lazy\" decoding=\"async\" class=\"alignnone size-full wp-image-1111\" src=\"https:\/\/www.novakovych59.cz\/wp-content\/uploads\/2023\/08\/Rekonstrukce-Byt-67.jpg\" alt=\"\" width=\"786\" height=\"772\" srcset=\"https:\/\/www.novakovych59.cz\/wp-content\/uploads\/2023\/08\/Rekonstrukce-Byt-67.jpg 786w, https:\/\/www.novakovych59.cz\/wp-content\/uploads\/2023\/08\/Rekonstrukce-Byt-67-300x295.jpg 300w, https:\/\/www.novakovych59.cz\/wp-content\/uploads\/2023\/08\/Rekonstrukce-Byt-67-150x147.jpg 150w, https:\/\/www.novakovych59.cz\/wp-content\/uploads\/2023\/08\/Rekonstrukce-Byt-67-768x754.jpg 768w\" sizes=\"auto, (max-width: 786px) 100vw, 786px\" \/><\/p>\n","protected":false},"excerpt":{"rendered":"","protected":false},"author":1,"featured_media":0,"parent":20,"menu_order":0,"comment_status":"open","ping_status":"closed","template":"","meta":{"footnotes":""},"class_list":["post-1110","page","type-page","status-publish","hentry"],"_links":{"self":[{"href":"https:\/\/www.novakovych59.cz\/index.php?rest_route=\/wp\/v2\/pages\/1110","targetHints":{"allow":["GET"]}}],"collection":[{"href":"https:\/\/www.novakovych59.cz\/index.php?rest_route=\/wp\/v2\/pages"}],"about":[{"href":"https:\/\/www.novakovych59.cz\/index.php?rest_route=\/wp\/v2\/types\/page"}],"author":[{"embeddable":true,"href":"https:\/\/www.novakovych59.cz\/index.php?rest_route=\/wp\/v2\/users\/1"}],"replies":[{"embeddable":true,"href":"https:\/\/www.novakovych59.cz\/index.php?rest_route=%2Fwp%2Fv2%2Fcomments&post=1110"}],"version-history":[{"count":1,"href":"https:\/\/www.novakovych59.cz\/index.php?rest_route=\/wp\/v2\/pages\/1110\/revisions"}],"predecessor-version":[{"id":1112,"href":"https:\/\/www.novakovych59.cz\/index.php?rest_route=\/wp\/v2\/pages\/1110\/revisions\/1112"}],"up":[{"embeddable":true,"href":"https:\/\/www.novakovych59.cz\/index.php?rest_route=\/wp\/v2\/pages\/20"}],"wp:attachment":[{"href":"https:\/\/www.novakovych59.cz\/index.php?rest_route=%2Fwp%2Fv2%2Fmedia&parent=1110"}],"curies":[{"name":"wp","href":"https:\/\/api.w.org\/{rel}","templated":true}]}}