{"id":1097,"date":"2023-02-19T20:37:30","date_gmt":"2023-02-19T18:37:30","guid":{"rendered":"https:\/\/www.novakovych59.cz\/?page_id=1097"},"modified":"2023-02-19T20:59:51","modified_gmt":"2023-02-19T18:59:51","slug":"domovni-zvonky-planovana-vymena-a-instalace","status":"publish","type":"page","link":"https:\/\/www.novakovych59.cz\/?page_id=1097","title":{"rendered":"Domovn\u00ed zvonky pl\u00e1novan\u00e1 v\u00fdm\u011bna a instalace"},"content":{"rendered":"<p>Dobr\u00fd den v\u0161em,<\/p>\n<p>SVJ\u00a0 v\u00fdbor by V\u00e1s r\u00e1d sezn\u00e1mil s podrobn\u00fdmi term\u00edny v\u00fdm\u011bny na\u0161ich bytov\u00fdch zvonk\u016f, v\u010detn\u011b venkovn\u00edho tabla, kter\u00e9 budou prob\u00edhat n\u00e1sledovn\u011b dle p\u0159ilo\u017een\u00e9ho term\u00ednu\u00a0 pl\u00e1nu.<\/p>\n<p>&nbsp;<\/p>\n<h2 style=\"text-align: center;\"><span style=\"color: #ff0000;\"><strong>Vchod 59\/2<\/strong><\/span><\/h2>\n<p><img loading=\"lazy\" decoding=\"async\" class=\"alignnone size-full wp-image-1100\" src=\"https:\/\/www.novakovych59.cz\/wp-content\/uploads\/2023\/02\/59_2_1.jpg\" alt=\"\" width=\"608\" height=\"670\" srcset=\"https:\/\/www.novakovych59.cz\/wp-content\/uploads\/2023\/02\/59_2_1.jpg 608w, https:\/\/www.novakovych59.cz\/wp-content\/uploads\/2023\/02\/59_2_1-272x300.jpg 272w, https:\/\/www.novakovych59.cz\/wp-content\/uploads\/2023\/02\/59_2_1-136x150.jpg 136w\" sizes=\"auto, (max-width: 608px) 100vw, 608px\" \/> <img loading=\"lazy\" decoding=\"async\" class=\"alignnone size-full wp-image-1101\" src=\"https:\/\/www.novakovych59.cz\/wp-content\/uploads\/2023\/02\/59_2_2.jpg\" alt=\"\" width=\"671\" height=\"696\" srcset=\"https:\/\/www.novakovych59.cz\/wp-content\/uploads\/2023\/02\/59_2_2.jpg 671w, https:\/\/www.novakovych59.cz\/wp-content\/uploads\/2023\/02\/59_2_2-289x300.jpg 289w, https:\/\/www.novakovych59.cz\/wp-content\/uploads\/2023\/02\/59_2_2-145x150.jpg 145w\" sizes=\"auto, (max-width: 671px) 100vw, 671px\" \/><\/p>\n<p>&nbsp;<\/p>\n<hr \/>\n<h2 style=\"text-align: center;\"><strong><span style=\"color: #ff0000;\">Vchod 59\/4<\/span><\/strong><\/h2>\n<p><img loading=\"lazy\" decoding=\"async\" class=\"alignnone size-full wp-image-1103\" src=\"https:\/\/www.novakovych59.cz\/wp-content\/uploads\/2023\/02\/59_4_1.jpg\" alt=\"\" width=\"636\" height=\"653\" srcset=\"https:\/\/www.novakovych59.cz\/wp-content\/uploads\/2023\/02\/59_4_1.jpg 636w, https:\/\/www.novakovych59.cz\/wp-content\/uploads\/2023\/02\/59_4_1-292x300.jpg 292w, https:\/\/www.novakovych59.cz\/wp-content\/uploads\/2023\/02\/59_4_1-146x150.jpg 146w\" sizes=\"auto, (max-width: 636px) 100vw, 636px\" \/><\/p>\n<p><img loading=\"lazy\" decoding=\"async\" class=\"alignnone size-full wp-image-1102\" src=\"https:\/\/www.novakovych59.cz\/wp-content\/uploads\/2023\/02\/59_4_2.jpg\" alt=\"\" width=\"668\" height=\"684\" srcset=\"https:\/\/www.novakovych59.cz\/wp-content\/uploads\/2023\/02\/59_4_2.jpg 668w, https:\/\/www.novakovych59.cz\/wp-content\/uploads\/2023\/02\/59_4_2-293x300.jpg 293w, https:\/\/www.novakovych59.cz\/wp-content\/uploads\/2023\/02\/59_4_2-146x150.jpg 146w\" sizes=\"auto, (max-width: 668px) 100vw, 668px\" \/><\/p>\n<p><strong><span style=\"color: #ff0000;\">V p\u0159\u00edpad\u011b jak\u00fdchkoliv dotaz\u016f, \u010di objedn\u00e1vku n\u00e1hradn\u00edho term\u00ednu, pros\u00edm kontaktujte pan\u00ed Michaelu \u0158eho\u0159ovskou z dodavatelsk\u00e9 firmy Wilan\u00a0 na telefonu +420 703 185 074<\/span><\/strong><\/p>\n<p>&nbsp;<\/p>\n<p>O \u00fasp\u011b\u0161n\u00e9m dokon\u010den\u00ed t\u011bchto prac\u00ed,\u00a0 budete op\u011bt informov\u00e1ni.<\/p>\n<p>S pozdravem,<\/p>\n<p>Za v\u00fdbor SVJ<\/p>\n<p>Stanislav Hru\u0161ka<\/p>\n<p>\u0160t\u011bp\u00e1n Slez\u00e1\u010dek<\/p>\n<p>Marek \u010ciha\u0159<\/p>\n<p>&nbsp;<\/p>\n","protected":false},"excerpt":{"rendered":"<p>Dobr\u00fd den v\u0161em, SVJ\u00a0 v\u00fdbor by V\u00e1s r\u00e1d sezn\u00e1mil s podrobn\u00fdmi term\u00edny v\u00fdm\u011bny na\u0161ich bytov\u00fdch zvonk\u016f, v\u010detn\u011b venkovn\u00edho tabla, kter\u00e9 budou prob\u00edhat n\u00e1sledovn\u011b dle p\u0159ilo\u017een\u00e9ho term\u00ednu\u00a0 pl\u00e1nu. &nbsp; Vchod 59\/2 &nbsp; Vchod 59\/4 V p\u0159\u00edpad\u011b jak\u00fdchkoliv dotaz\u016f, \u010di objedn\u00e1vku n\u00e1hradn\u00edho &#8230; <a class=\"more-link\" href=\"https:\/\/www.novakovych59.cz\/?page_id=1097\">\u010c\u00edst v\u00edce &raquo;<\/a><\/p>\n","protected":false},"author":1,"featured_media":0,"parent":0,"menu_order":0,"comment_status":"closed","ping_status":"closed","template":"","meta":{"footnotes":""},"class_list":["post-1097","page","type-page","status-publish","hentry"],"_links":{"self":[{"href":"https:\/\/www.novakovych59.cz\/index.php?rest_route=\/wp\/v2\/pages\/1097","targetHints":{"allow":["GET"]}}],"collection":[{"href":"https:\/\/www.novakovych59.cz\/index.php?rest_route=\/wp\/v2\/pages"}],"about":[{"href":"https:\/\/www.novakovych59.cz\/index.php?rest_route=\/wp\/v2\/types\/page"}],"author":[{"embeddable":true,"href":"https:\/\/www.novakovych59.cz\/index.php?rest_route=\/wp\/v2\/users\/1"}],"replies":[{"embeddable":true,"href":"https:\/\/www.novakovych59.cz\/index.php?rest_route=%2Fwp%2Fv2%2Fcomments&post=1097"}],"version-history":[{"count":6,"href":"https:\/\/www.novakovych59.cz\/index.php?rest_route=\/wp\/v2\/pages\/1097\/revisions"}],"predecessor-version":[{"id":1108,"href":"https:\/\/www.novakovych59.cz\/index.php?rest_route=\/wp\/v2\/pages\/1097\/revisions\/1108"}],"wp:attachment":[{"href":"https:\/\/www.novakovych59.cz\/index.php?rest_route=%2Fwp%2Fv2%2Fmedia&parent=1097"}],"curies":[{"name":"wp","href":"https:\/\/api.w.org\/{rel}","templated":true}]}}