{"id":1072,"date":"2022-11-10T19:34:08","date_gmt":"2022-11-10T17:34:08","guid":{"rendered":"https:\/\/www.novakovych59.cz\/?page_id=1072"},"modified":"2022-12-20T20:20:33","modified_gmt":"2022-12-20T18:20:33","slug":"schuze-vlastniku-bytovych-jednotek-1-2022","status":"publish","type":"page","link":"https:\/\/www.novakovych59.cz\/?page_id=1072","title":{"rendered":"Sch\u016fze vlastn\u00edk\u016f bytov\u00fdch jednotek 1\/2022"},"content":{"rendered":"<p>Dobr\u00fd den,<\/p>\n<p>SVJ v\u00fdbor si V\u00e1s dovoluje pozvat na shrom\u00e1\u017ed\u011bn\u00ed vlastn\u00edku domu Nov\u00e1kov\u00fdch 59\/2\/4, Praha 8.<\/p>\n<p>Toto shrom\u00e1\u017ed\u011bn\u00ed se bude konat dne <strong>24.11.2022 od 18:00<\/strong><\/p>\n<p>&nbsp;<\/p>\n<p><img loading=\"lazy\" decoding=\"async\" class=\"wp-image-1084 alignleft\" src=\"https:\/\/www.novakovych59.cz\/wp-content\/uploads\/2022\/11\/Pozvanka-na-schuzi_SVD59_2022-scaled.jpg\" alt=\"\" width=\"463\" height=\"654\" srcset=\"https:\/\/www.novakovych59.cz\/wp-content\/uploads\/2022\/11\/Pozvanka-na-schuzi_SVD59_2022-scaled.jpg 1810w, https:\/\/www.novakovych59.cz\/wp-content\/uploads\/2022\/11\/Pozvanka-na-schuzi_SVD59_2022-212x300.jpg 212w, https:\/\/www.novakovych59.cz\/wp-content\/uploads\/2022\/11\/Pozvanka-na-schuzi_SVD59_2022-724x1024.jpg 724w, https:\/\/www.novakovych59.cz\/wp-content\/uploads\/2022\/11\/Pozvanka-na-schuzi_SVD59_2022-106x150.jpg 106w, https:\/\/www.novakovych59.cz\/wp-content\/uploads\/2022\/11\/Pozvanka-na-schuzi_SVD59_2022-768x1086.jpg 768w, https:\/\/www.novakovych59.cz\/wp-content\/uploads\/2022\/11\/Pozvanka-na-schuzi_SVD59_2022-1086x1536.jpg 1086w, https:\/\/www.novakovych59.cz\/wp-content\/uploads\/2022\/11\/Pozvanka-na-schuzi_SVD59_2022-1448x2048.jpg 1448w, https:\/\/www.novakovych59.cz\/wp-content\/uploads\/2022\/11\/Pozvanka-na-schuzi_SVD59_2022-940x1330.jpg 940w\" sizes=\"auto, (max-width: 463px) 100vw, 463px\" \/><\/p>\n<p>&nbsp;<\/p>\n<p>&nbsp;<\/p>\n<p>&nbsp;<\/p>\n<p>&nbsp;<\/p>\n<p>&nbsp;<\/p>\n<p>&nbsp;<\/p>\n<p>&nbsp;<\/p>\n<p>&nbsp;<\/p>\n<p>&nbsp;<\/p>\n<p>&nbsp;<\/p>\n<p>&nbsp;<\/p>\n<p>&nbsp;<\/p>\n<p>&nbsp;<\/p>\n<p>&nbsp;<\/p>\n<p>&nbsp;<\/p>\n<p>Pozv\u00e1nka na sch\u016fzi je\u00a0 ke sta\u017een\u00ed <a href=\"https:\/\/www.novakovych59.cz\/wp-content\/uploads\/2022\/11\/Pozvanka-na-schuzi_SVD59_2022-scaled.jpg\">zde<\/a><\/p>\n<p>Plnou moc pro zastupov\u00e1n\u00ed, si m\u016f\u017eete st\u00e1hnout\u00a0<a href=\"https:\/\/www.novakovych59.cz\/wp-content\/uploads\/2022\/11\/Plna-moc_na_shromazdeni_2022.pdf\"> zde<\/a><\/p>\n<p><strong>Z\u00e1pis ze sch\u016fze je k nahl\u00e9dnut\u00ed<\/strong>\u00a0<a href=\"https:\/\/www.novakovych59.cz\/wp-content\/uploads\/2022\/12\/SVD_N59_-Zapis-ze-shromazdeni_2022.pdf\">zde<\/a><\/p>\n<p>D\u011bkujeme moc za Va\u0161i \u00fa\u010dast a p\u0159ejeme hezk\u00fd den.<\/p>\n<p>S pozdravem,<br \/>\nSVJ v\u00fdbor<\/p>\n","protected":false},"excerpt":{"rendered":"<p>Dobr\u00fd den, SVJ v\u00fdbor si V\u00e1s dovoluje pozvat na shrom\u00e1\u017ed\u011bn\u00ed vlastn\u00edku domu Nov\u00e1kov\u00fdch 59\/2\/4, Praha 8. Toto shrom\u00e1\u017ed\u011bn\u00ed se bude konat dne 24.11.2022 od 18:00 &nbsp; &nbsp; &nbsp; &nbsp; &nbsp; &nbsp; &nbsp; &nbsp; &nbsp; &nbsp; &nbsp; &nbsp; &nbsp; &nbsp; &nbsp; &#8230; <a class=\"more-link\" href=\"https:\/\/www.novakovych59.cz\/?page_id=1072\">\u010c\u00edst v\u00edce &raquo;<\/a><\/p>\n","protected":false},"author":1,"featured_media":0,"parent":0,"menu_order":0,"comment_status":"closed","ping_status":"closed","template":"","meta":{"footnotes":""},"class_list":["post-1072","page","type-page","status-publish","hentry"],"_links":{"self":[{"href":"https:\/\/www.novakovych59.cz\/index.php?rest_route=\/wp\/v2\/pages\/1072","targetHints":{"allow":["GET"]}}],"collection":[{"href":"https:\/\/www.novakovych59.cz\/index.php?rest_route=\/wp\/v2\/pages"}],"about":[{"href":"https:\/\/www.novakovych59.cz\/index.php?rest_route=\/wp\/v2\/types\/page"}],"author":[{"embeddable":true,"href":"https:\/\/www.novakovych59.cz\/index.php?rest_route=\/wp\/v2\/users\/1"}],"replies":[{"embeddable":true,"href":"https:\/\/www.novakovych59.cz\/index.php?rest_route=%2Fwp%2Fv2%2Fcomments&post=1072"}],"version-history":[{"count":10,"href":"https:\/\/www.novakovych59.cz\/index.php?rest_route=\/wp\/v2\/pages\/1072\/revisions"}],"predecessor-version":[{"id":1092,"href":"https:\/\/www.novakovych59.cz\/index.php?rest_route=\/wp\/v2\/pages\/1072\/revisions\/1092"}],"wp:attachment":[{"href":"https:\/\/www.novakovych59.cz\/index.php?rest_route=%2Fwp%2Fv2%2Fmedia&parent=1072"}],"curies":[{"name":"wp","href":"https:\/\/api.w.org\/{rel}","templated":true}]}}