{"id":1068,"date":"2022-02-11T23:49:35","date_gmt":"2022-02-11T21:49:35","guid":{"rendered":"https:\/\/www.novakovych59.cz\/?page_id=1068"},"modified":"2022-02-11T23:49:56","modified_gmt":"2022-02-11T21:49:56","slug":"oznameni-o-rekonstrukci-bytove-jednotky-cislo-26","status":"publish","type":"page","link":"https:\/\/www.novakovych59.cz\/?page_id=1068","title":{"rendered":"Ozn\u00e1men\u00ed o rekonstrukci bytov\u00e9 jednotky \u010d\u00edslo 26"},"content":{"rendered":"<p style=\"text-align: center;\"><strong>Ozn\u00e1men\u00ed o rekonstrukci bytov\u00e9 jednotky \u010d\u00edslo 26<\/strong><\/p>\n<p>Od <strong>2.1.2021 do 12.3.2021<\/strong> bude prob\u00edhat rekonstrukce bytu \u010d.26 ve 2 pat\u0159e.<\/p>\n<p>\u00dapravy se budou t\u00fdkat v\u00fdm\u011bny elektroinstalace, v\u00fdm\u011bny rozvod\u016f vody, v\u00fdm\u011bna plynov\u00e9ho potrub\u00ed, vyrovn\u00e1n\u00ed podlah, oprava zdiva v\u010d. v\u00fdmalby.<\/p>\n<p>Stavebn\u00ed pr\u00e1ce budou prob\u00edhat od 8:00 do 18:00 hod.<\/p>\n<p>P\u0159i stavebn\u00edch prac\u00edch nedojde ke zm\u011bn\u011b dispozic bytu.<\/p>\n<p>P\u0159edem se omlouv\u00e1m za hluk zp\u016fsoben\u00fd stavebn\u00edmi pracemi.<\/p>\n<p>D\u011bkuji za pochopen\u00ed.<\/p>\n<p>Hlavat\u00fd Ond\u0159ej<\/p>\n","protected":false},"excerpt":{"rendered":"<p>Ozn\u00e1men\u00ed o rekonstrukci bytov\u00e9 jednotky \u010d\u00edslo 26 Od 2.1.2021 do 12.3.2021 bude prob\u00edhat rekonstrukce bytu \u010d.26 ve 2 pat\u0159e. \u00dapravy se budou t\u00fdkat v\u00fdm\u011bny elektroinstalace, v\u00fdm\u011bny rozvod\u016f vody, v\u00fdm\u011bna plynov\u00e9ho potrub\u00ed, vyrovn\u00e1n\u00ed podlah, oprava zdiva v\u010d. v\u00fdmalby. Stavebn\u00ed pr\u00e1ce budou &#8230; <a class=\"more-link\" href=\"https:\/\/www.novakovych59.cz\/?page_id=1068\">\u010c\u00edst v\u00edce &raquo;<\/a><\/p>\n","protected":false},"author":1,"featured_media":0,"parent":0,"menu_order":0,"comment_status":"closed","ping_status":"closed","template":"","meta":{"footnotes":""},"class_list":["post-1068","page","type-page","status-publish","hentry"],"_links":{"self":[{"href":"https:\/\/www.novakovych59.cz\/index.php?rest_route=\/wp\/v2\/pages\/1068","targetHints":{"allow":["GET"]}}],"collection":[{"href":"https:\/\/www.novakovych59.cz\/index.php?rest_route=\/wp\/v2\/pages"}],"about":[{"href":"https:\/\/www.novakovych59.cz\/index.php?rest_route=\/wp\/v2\/types\/page"}],"author":[{"embeddable":true,"href":"https:\/\/www.novakovych59.cz\/index.php?rest_route=\/wp\/v2\/users\/1"}],"replies":[{"embeddable":true,"href":"https:\/\/www.novakovych59.cz\/index.php?rest_route=%2Fwp%2Fv2%2Fcomments&post=1068"}],"version-history":[{"count":1,"href":"https:\/\/www.novakovych59.cz\/index.php?rest_route=\/wp\/v2\/pages\/1068\/revisions"}],"predecessor-version":[{"id":1069,"href":"https:\/\/www.novakovych59.cz\/index.php?rest_route=\/wp\/v2\/pages\/1068\/revisions\/1069"}],"wp:attachment":[{"href":"https:\/\/www.novakovych59.cz\/index.php?rest_route=%2Fwp%2Fv2%2Fmedia&parent=1068"}],"curies":[{"name":"wp","href":"https:\/\/api.w.org\/{rel}","templated":true}]}}